{"id":5197,"date":"2024-12-26T06:50:03","date_gmt":"2024-12-26T06:50:03","guid":{"rendered":"https:\/\/devwaymaroc.com\/?post_type=product&#038;p=5197"},"modified":"2025-12-15T07:46:55","modified_gmt":"2025-12-15T07:46:55","slug":"dell-latitude-5450-ultra-5-135u-i5-13eme-generations-disk-dur-512ssd-2","status":"publish","type":"product","link":"https:\/\/devwaymaroc.com\/?product=dell-latitude-5450-ultra-5-135u-i5-13eme-generations-disk-dur-512ssd-2","title":{"rendered":"Dell latitude 5450 Ultra 5 135U i5 13\u00e8me g\u00e9n\u00e9rations disk dur 512ssd"},"content":{"rendered":"<p>Dell latitude 5450 Ultra 5 135U i5 13\u00e8me g\u00e9n\u00e9rations disk dur 512ssd<\/p>\n","protected":false},"excerpt":{"rendered":"<p>Dell latitude 5450 Ultra 5 135U i5 13\u00e8me g\u00e9n\u00e9rations disk dur 512ssd<\/p>\n","protected":false},"featured_media":5124,"comment_status":"open","ping_status":"closed","template":"","meta":[],"product_cat":[284,194,300],"product_tag":[],"jetpack_sharing_enabled":true,"_links":{"self":[{"href":"https:\/\/devwaymaroc.com\/index.php?rest_route=\/wp\/v2\/product\/5197"}],"collection":[{"href":"https:\/\/devwaymaroc.com\/index.php?rest_route=\/wp\/v2\/product"}],"about":[{"href":"https:\/\/devwaymaroc.com\/index.php?rest_route=\/wp\/v2\/types\/product"}],"replies":[{"embeddable":true,"href":"https:\/\/devwaymaroc.com\/index.php?rest_route=%2Fwp%2Fv2%2Fcomments&post=5197"}],"version-history":[{"count":1,"href":"https:\/\/devwaymaroc.com\/index.php?rest_route=\/wp\/v2\/product\/5197\/revisions"}],"predecessor-version":[{"id":5198,"href":"https:\/\/devwaymaroc.com\/index.php?rest_route=\/wp\/v2\/product\/5197\/revisions\/5198"}],"wp:featuredmedia":[{"embeddable":true,"href":"https:\/\/devwaymaroc.com\/index.php?rest_route=\/wp\/v2\/media\/5124"}],"wp:attachment":[{"href":"https:\/\/devwaymaroc.com\/index.php?rest_route=%2Fwp%2Fv2%2Fmedia&parent=5197"}],"wp:term":[{"taxonomy":"product_cat","embeddable":true,"href":"https:\/\/devwaymaroc.com\/index.php?rest_route=%2Fwp%2Fv2%2Fproduct_cat&post=5197"},{"taxonomy":"product_tag","embeddable":true,"href":"https:\/\/devwaymaroc.com\/index.php?rest_route=%2Fwp%2Fv2%2Fproduct_tag&post=5197"}],"curies":[{"name":"wp","href":"https:\/\/api.w.org\/{rel}","templated":true}]}}