{"id":5188,"date":"2024-12-26T06:41:51","date_gmt":"2024-12-26T06:41:51","guid":{"rendered":"https:\/\/devwaymaroc.com\/?post_type=product&#038;p=5188"},"modified":"2024-12-26T06:41:51","modified_gmt":"2024-12-26T06:41:51","slug":"hp-elite-book-840-g8-i5-11eme-generation-16go-ddr5-disk-dur-256ssd","status":"publish","type":"product","link":"https:\/\/devwaymaroc.com\/?product=hp-elite-book-840-g8-i5-11eme-generation-16go-ddr5-disk-dur-256ssd","title":{"rendered":"Hp elite book 840 G8 i5 11\u00e8me g\u00e9n\u00e9ration 16Go DDR5 disk dur 256ssd"},"content":{"rendered":"<p>Hp elite book 840 G8 i5 11\u00e8me g\u00e9n\u00e9ration 16Go DDR5 disk dur 256ssd<\/p>\n","protected":false},"excerpt":{"rendered":"<p>Hp elite book 840 G8 i5 11\u00e8me g\u00e9n\u00e9ration 16Go DDR5 disk dur 256ssd<\/p>\n","protected":false},"featured_media":5159,"comment_status":"open","ping_status":"closed","template":"","meta":[],"product_cat":[284,194,300],"product_tag":[],"jetpack_sharing_enabled":true,"_links":{"self":[{"href":"https:\/\/devwaymaroc.com\/index.php?rest_route=\/wp\/v2\/product\/5188"}],"collection":[{"href":"https:\/\/devwaymaroc.com\/index.php?rest_route=\/wp\/v2\/product"}],"about":[{"href":"https:\/\/devwaymaroc.com\/index.php?rest_route=\/wp\/v2\/types\/product"}],"replies":[{"embeddable":true,"href":"https:\/\/devwaymaroc.com\/index.php?rest_route=%2Fwp%2Fv2%2Fcomments&post=5188"}],"version-history":[{"count":1,"href":"https:\/\/devwaymaroc.com\/index.php?rest_route=\/wp\/v2\/product\/5188\/revisions"}],"predecessor-version":[{"id":5189,"href":"https:\/\/devwaymaroc.com\/index.php?rest_route=\/wp\/v2\/product\/5188\/revisions\/5189"}],"wp:featuredmedia":[{"embeddable":true,"href":"https:\/\/devwaymaroc.com\/index.php?rest_route=\/wp\/v2\/media\/5159"}],"wp:attachment":[{"href":"https:\/\/devwaymaroc.com\/index.php?rest_route=%2Fwp%2Fv2%2Fmedia&parent=5188"}],"wp:term":[{"taxonomy":"product_cat","embeddable":true,"href":"https:\/\/devwaymaroc.com\/index.php?rest_route=%2Fwp%2Fv2%2Fproduct_cat&post=5188"},{"taxonomy":"product_tag","embeddable":true,"href":"https:\/\/devwaymaroc.com\/index.php?rest_route=%2Fwp%2Fv2%2Fproduct_tag&post=5188"}],"curies":[{"name":"wp","href":"https:\/\/api.w.org\/{rel}","templated":true}]}}