{"id":5181,"date":"2024-12-26T01:19:32","date_gmt":"2024-12-26T01:19:32","guid":{"rendered":"https:\/\/devwaymaroc.com\/?post_type=product&#038;p=5181"},"modified":"2024-12-26T01:19:45","modified_gmt":"2024-12-26T01:19:45","slug":"5181","status":"publish","type":"product","link":"https:\/\/devwaymaroc.com\/?product=5181","title":{"rendered":"Hp elite book 830 G6 i5 8\u00e8me g\u00e9n\u00e9ration 8Go disk dur 256ssd"},"content":{"rendered":"<p>Hp elite book 830 G6 i5 8\u00e8me g\u00e9n\u00e9ration 8Go disk dur 256ssd<\/p>\n","protected":false},"excerpt":{"rendered":"<p>Hp elite book 830 G6 i5 8\u00e8me g\u00e9n\u00e9ration 8Go disk dur 256ssd<br \/>\n2900,00dhs<\/p>\n","protected":false},"featured_media":5158,"comment_status":"open","ping_status":"closed","template":"","meta":[],"product_cat":[284,194,300],"product_tag":[],"jetpack_sharing_enabled":true,"_links":{"self":[{"href":"https:\/\/devwaymaroc.com\/index.php?rest_route=\/wp\/v2\/product\/5181"}],"collection":[{"href":"https:\/\/devwaymaroc.com\/index.php?rest_route=\/wp\/v2\/product"}],"about":[{"href":"https:\/\/devwaymaroc.com\/index.php?rest_route=\/wp\/v2\/types\/product"}],"replies":[{"embeddable":true,"href":"https:\/\/devwaymaroc.com\/index.php?rest_route=%2Fwp%2Fv2%2Fcomments&post=5181"}],"version-history":[{"count":2,"href":"https:\/\/devwaymaroc.com\/index.php?rest_route=\/wp\/v2\/product\/5181\/revisions"}],"predecessor-version":[{"id":5183,"href":"https:\/\/devwaymaroc.com\/index.php?rest_route=\/wp\/v2\/product\/5181\/revisions\/5183"}],"wp:featuredmedia":[{"embeddable":true,"href":"https:\/\/devwaymaroc.com\/index.php?rest_route=\/wp\/v2\/media\/5158"}],"wp:attachment":[{"href":"https:\/\/devwaymaroc.com\/index.php?rest_route=%2Fwp%2Fv2%2Fmedia&parent=5181"}],"wp:term":[{"taxonomy":"product_cat","embeddable":true,"href":"https:\/\/devwaymaroc.com\/index.php?rest_route=%2Fwp%2Fv2%2Fproduct_cat&post=5181"},{"taxonomy":"product_tag","embeddable":true,"href":"https:\/\/devwaymaroc.com\/index.php?rest_route=%2Fwp%2Fv2%2Fproduct_tag&post=5181"}],"curies":[{"name":"wp","href":"https:\/\/api.w.org\/{rel}","templated":true}]}}