{"id":5128,"date":"2024-09-30T13:34:55","date_gmt":"2024-09-30T13:34:55","guid":{"rendered":"https:\/\/devwaymaroc.com\/?post_type=product&#038;p=5128"},"modified":"2024-09-30T23:32:08","modified_gmt":"2024-09-30T23:32:08","slug":"dell-latitude-7420-i5-11eme-8go-disk-dur-256-ssd","status":"publish","type":"product","link":"https:\/\/devwaymaroc.com\/?product=dell-latitude-7420-i5-11eme-8go-disk-dur-256-ssd","title":{"rendered":"Dell latitude 7420 i5 11\u00e8me 8Go disk dur 256 ssd"},"content":{"rendered":"<ul>\n<li><strong>Core \u00a0i5 7420G5 @ 4.40 Turbo Maxi (11\u00e8me g\u00e9n\u00e9ration)\u00a0<\/strong><\/li>\n<li><strong>RAM :\u00a0<\/strong><strong>08 Go DDR4<\/strong><\/li>\n<li><strong>Disque Dur :\u00a0<\/strong><strong>256 Go SSD\u00a0<\/strong><\/li>\n<li><strong>14\u2033 Full HD\u00a0<\/strong><\/li>\n<li><strong>Intel Iris Xe Graphics<\/strong><\/li>\n<li><strong>Win 10 Pro<\/strong><\/li>\n<\/ul>\n","protected":false},"excerpt":{"rendered":"<ul>\n<li><strong>Core \u00a0i5 7420G5 @ 4.40 Turbo Maxi (11\u00e8me g\u00e9n\u00e9ration)\u00a0<\/strong><\/li>\n<li><strong>RAM :\u00a0<\/strong><strong>08 Go DDR4<\/strong><\/li>\n<li><strong>Disque Dur :\u00a0<\/strong><strong>256 Go SSD\u00a0<\/strong><\/li>\n<li><strong>14\u2033 Full HD\u00a0<\/strong><\/li>\n<li><strong>Intel Iris Xe Graphics<\/strong><\/li>\n<li><strong>Win 10 Pro<\/strong><\/li>\n<\/ul>\n","protected":false},"featured_media":5138,"comment_status":"open","ping_status":"closed","template":"","meta":[],"product_cat":[15,284,194,300],"product_tag":[],"jetpack_sharing_enabled":true,"_links":{"self":[{"href":"https:\/\/devwaymaroc.com\/index.php?rest_route=\/wp\/v2\/product\/5128"}],"collection":[{"href":"https:\/\/devwaymaroc.com\/index.php?rest_route=\/wp\/v2\/product"}],"about":[{"href":"https:\/\/devwaymaroc.com\/index.php?rest_route=\/wp\/v2\/types\/product"}],"replies":[{"embeddable":true,"href":"https:\/\/devwaymaroc.com\/index.php?rest_route=%2Fwp%2Fv2%2Fcomments&post=5128"}],"version-history":[{"count":3,"href":"https:\/\/devwaymaroc.com\/index.php?rest_route=\/wp\/v2\/product\/5128\/revisions"}],"predecessor-version":[{"id":5139,"href":"https:\/\/devwaymaroc.com\/index.php?rest_route=\/wp\/v2\/product\/5128\/revisions\/5139"}],"wp:featuredmedia":[{"embeddable":true,"href":"https:\/\/devwaymaroc.com\/index.php?rest_route=\/wp\/v2\/media\/5138"}],"wp:attachment":[{"href":"https:\/\/devwaymaroc.com\/index.php?rest_route=%2Fwp%2Fv2%2Fmedia&parent=5128"}],"wp:term":[{"taxonomy":"product_cat","embeddable":true,"href":"https:\/\/devwaymaroc.com\/index.php?rest_route=%2Fwp%2Fv2%2Fproduct_cat&post=5128"},{"taxonomy":"product_tag","embeddable":true,"href":"https:\/\/devwaymaroc.com\/index.php?rest_route=%2Fwp%2Fv2%2Fproduct_tag&post=5128"}],"curies":[{"name":"wp","href":"https:\/\/api.w.org\/{rel}","templated":true}]}}