{"id":5030,"date":"2024-06-19T14:00:59","date_gmt":"2024-06-19T14:00:59","guid":{"rendered":"https:\/\/devwaymaroc.com\/?post_type=product&#038;p=5030"},"modified":"2024-06-19T14:00:59","modified_gmt":"2024-06-19T14:00:59","slug":"samsung-moniteur-34-incurve-gaming-ratio-219-curvature-1000r-165hz-temps-de-reponse-1ms-12m","status":"publish","type":"product","link":"https:\/\/devwaymaroc.com\/?product=samsung-moniteur-34-incurve-gaming-ratio-219-curvature-1000r-165hz-temps-de-reponse-1ms-12m","title":{"rendered":"Samsung moniteur 34&#8243; incurv\u00e9 Gaming; Ratio 21:9 \/Curvature 1000R \/ 165hz \/ Temps de r\u00e9ponse 1ms 12M"},"content":{"rendered":"<p>R\u00e9f\u00e9rence LC34G55TWWMXZN<\/p>\n<h1 class=\"h1 productpage_title\">\u00c9cran incurv\u00e9 Samsung Odyssey G5 34 &#8221; Ultra WQHD G5 165 Hz &#8211; Courbure 1000R &#8211; Temps r\u00e9ponse 1ms (LC34G55TWWMXZN)<\/h1>\n<div class=\"product-information\">\n<div id=\"product-description-short-12953\">\n<p>Taille de l&#8217;<a href=\"https:\/\/www.iris.ma\/55-ecran-moniteur\">\u00e9cran<\/a>: 34&#8243; pouces &#8211; Format 21:9<br \/>\nCourbure de l&#8217;\u00e9cran: 1000R<br \/>\nType de Dalle: VA (Vertical Alignment)<br \/>\nR\u00e9solution: Ultra WQHD 3440 x 1440<br \/>\nTemps de r\u00e9ponse: 1 ms (MPRT)<br \/>\nTaux de rafra\u00eechissement: 165 Hz<br \/>\nConnecteurs d&#8217;entr\u00e9e: Display Port, HDMI<br \/>\nR\u00e9glages de la position de l&#8217;\u00e9cran: Inclinaison -2 ~ 18<\/p>\n<p>PRIX : 4200 HT<\/p>\n<\/div>\n<\/div>\n","protected":false},"excerpt":{"rendered":"<p>R\u00e9f\u00e9rence LC34G55TWWMXZN \u00c9cran incurv\u00e9 Samsung Odyssey G5 34 &#8221; Ultra WQHD G5 165 Hz &#8211; Courbure 1000R &#8211; Temps r\u00e9ponse 1ms (LC34G55TWWMXZN) Taille de l&#8217;\u00e9cran: 34&#8243; pouces &#8211; Format 21:9 Courbure de l&#8217;\u00e9cran: 1000R Type de Dalle: VA (Vertical Alignment) R\u00e9solution: Ultra WQHD 3440 x 1440 Temps de r\u00e9ponse: 1 ms (MPRT) Taux de rafra\u00eechissement:<\/p>\n<div class=\"klb-readmore button\"><a class=\"btn link\" href=\"https:\/\/devwaymaroc.com\/?product=samsung-moniteur-34-incurve-gaming-ratio-219-curvature-1000r-165hz-temps-de-reponse-1ms-12m\">Read More <i class=\"klbth-icon-right-arrow\"><\/i><\/a><\/div>\n","protected":false},"featured_media":5034,"comment_status":"open","ping_status":"closed","template":"","meta":[],"product_cat":[207,206],"product_tag":[],"jetpack_sharing_enabled":true,"_links":{"self":[{"href":"https:\/\/devwaymaroc.com\/index.php?rest_route=\/wp\/v2\/product\/5030"}],"collection":[{"href":"https:\/\/devwaymaroc.com\/index.php?rest_route=\/wp\/v2\/product"}],"about":[{"href":"https:\/\/devwaymaroc.com\/index.php?rest_route=\/wp\/v2\/types\/product"}],"replies":[{"embeddable":true,"href":"https:\/\/devwaymaroc.com\/index.php?rest_route=%2Fwp%2Fv2%2Fcomments&post=5030"}],"version-history":[{"count":1,"href":"https:\/\/devwaymaroc.com\/index.php?rest_route=\/wp\/v2\/product\/5030\/revisions"}],"predecessor-version":[{"id":5035,"href":"https:\/\/devwaymaroc.com\/index.php?rest_route=\/wp\/v2\/product\/5030\/revisions\/5035"}],"wp:featuredmedia":[{"embeddable":true,"href":"https:\/\/devwaymaroc.com\/index.php?rest_route=\/wp\/v2\/media\/5034"}],"wp:attachment":[{"href":"https:\/\/devwaymaroc.com\/index.php?rest_route=%2Fwp%2Fv2%2Fmedia&parent=5030"}],"wp:term":[{"taxonomy":"product_cat","embeddable":true,"href":"https:\/\/devwaymaroc.com\/index.php?rest_route=%2Fwp%2Fv2%2Fproduct_cat&post=5030"},{"taxonomy":"product_tag","embeddable":true,"href":"https:\/\/devwaymaroc.com\/index.php?rest_route=%2Fwp%2Fv2%2Fproduct_tag&post=5030"}],"curies":[{"name":"wp","href":"https:\/\/api.w.org\/{rel}","templated":true}]}}