{"id":5008,"date":"2024-05-30T11:02:00","date_gmt":"2024-05-30T11:02:00","guid":{"rendered":"https:\/\/devwaymaroc.com\/?post_type=product&#038;p=5008"},"modified":"2024-05-30T11:02:00","modified_gmt":"2024-05-30T11:02:00","slug":"hp-pav-x360-i5-1235u-156fhd-8-go-512-go-ssd-w11h-natural-silver-touch12m","status":"publish","type":"product","link":"https:\/\/devwaymaroc.com\/?product=hp-pav-x360-i5-1235u-156fhd-8-go-512-go-ssd-w11h-natural-silver-touch12m","title":{"rendered":"HP Pav x360 i5-1235U 15,6&#8243;FHD 8 Go 512 Go SSD W11H Natural Silver Touch12M"},"content":{"rendered":"<p><strong>ORDINATEUR PORTABLE HP Pavilion x360 2-in-1 15-er1003nk 12th <\/strong><\/p>\n<p><strong> R\u00e9f\u00e9rence : 7J0J6EA<\/strong><\/p>\n<p>Processeur Intel\u00ae Core \u2122\u00a0\u00a0i5-1235U (jusqu\u2019\u00e0 4,4 GHz avec la technologie Intel\u00ae Turbo Boost, 12 Mo de m\u00e9moire cache L3, 10 c\u0153urs)<\/p>\n<p>M\u00e9moire 8 Go RAM DDR4-3200 MHz (2 x 4 Go)<\/p>\n<p>Disque dur 512GB SSD PCIe\u00ae NVMe\u2122 M.2<\/p>\n<p>Taille de l\u2019\u00e9cran 15,6 Tactile FHD\u00a0\u00a0(1920 x 1080), IPS, verre bord \u00e0 bord, micro-bords, 250 nits<\/p>\n<p>Carte graphique Intel\u00ae Iris\u00ae X\u1d49<\/p>\n<p>Realtek RTL8822CE 802.11a\/b\/g\/n\/ac (2&#215;2) Wi-Fi\u00ae et Bluetooth\u00ae 5<\/p>\n<p>USB Type-C\u00ae, 2* USB Type-A , HDMI 2.1, adaptateur secteur Smart Pin, combin\u00e9e casque\/microphone<\/p>\n<p>Clavier argent naturel, r\u00e9tro\u00e9clair\u00e9, de grande taille avec pav\u00e9 num\u00e9rique<\/p>\n<p>Syst\u00e8me audio par B&amp;O; Doubles haut-parleurs; HP Audio Boost<\/p>\n<p>Windows 11 Home<\/p>\n<p>Garantie 1 an<\/p>\n","protected":false},"excerpt":{"rendered":"<p>ORDINATEUR PORTABLE HP Pavilion x360 2-in-1 15-er1003nk 12th R\u00e9f\u00e9rence : 7J0J6EA Processeur Intel\u00ae Core \u2122\u00a0\u00a0i5-1235U (jusqu\u2019\u00e0 4,4 GHz avec la technologie Intel\u00ae Turbo Boost, 12 Mo de m\u00e9moire cache L3, 10 c\u0153urs) M\u00e9moire 8 Go RAM DDR4-3200 MHz (2 x 4 Go) Disque dur 512GB SSD PCIe\u00ae NVMe\u2122 M.2 Taille de l\u2019\u00e9cran 15,6 Tactile FHD\u00a0\u00a0(1920<\/p>\n<div class=\"klb-readmore button\"><a class=\"btn link\" href=\"https:\/\/devwaymaroc.com\/?product=hp-pav-x360-i5-1235u-156fhd-8-go-512-go-ssd-w11h-natural-silver-touch12m\">Read More <i class=\"klbth-icon-right-arrow\"><\/i><\/a><\/div>\n","protected":false},"featured_media":4999,"comment_status":"open","ping_status":"closed","template":"","meta":[],"product_cat":[301,284,194],"product_tag":[],"jetpack_sharing_enabled":true,"_links":{"self":[{"href":"https:\/\/devwaymaroc.com\/index.php?rest_route=\/wp\/v2\/product\/5008"}],"collection":[{"href":"https:\/\/devwaymaroc.com\/index.php?rest_route=\/wp\/v2\/product"}],"about":[{"href":"https:\/\/devwaymaroc.com\/index.php?rest_route=\/wp\/v2\/types\/product"}],"replies":[{"embeddable":true,"href":"https:\/\/devwaymaroc.com\/index.php?rest_route=%2Fwp%2Fv2%2Fcomments&post=5008"}],"version-history":[{"count":1,"href":"https:\/\/devwaymaroc.com\/index.php?rest_route=\/wp\/v2\/product\/5008\/revisions"}],"predecessor-version":[{"id":5011,"href":"https:\/\/devwaymaroc.com\/index.php?rest_route=\/wp\/v2\/product\/5008\/revisions\/5011"}],"wp:featuredmedia":[{"embeddable":true,"href":"https:\/\/devwaymaroc.com\/index.php?rest_route=\/wp\/v2\/media\/4999"}],"wp:attachment":[{"href":"https:\/\/devwaymaroc.com\/index.php?rest_route=%2Fwp%2Fv2%2Fmedia&parent=5008"}],"wp:term":[{"taxonomy":"product_cat","embeddable":true,"href":"https:\/\/devwaymaroc.com\/index.php?rest_route=%2Fwp%2Fv2%2Fproduct_cat&post=5008"},{"taxonomy":"product_tag","embeddable":true,"href":"https:\/\/devwaymaroc.com\/index.php?rest_route=%2Fwp%2Fv2%2Fproduct_tag&post=5008"}],"curies":[{"name":"wp","href":"https:\/\/api.w.org\/{rel}","templated":true}]}}