{"id":4998,"date":"2024-05-28T11:41:26","date_gmt":"2024-05-28T11:41:26","guid":{"rendered":"https:\/\/devwaymaroc.com\/?post_type=product&#038;p=4998"},"modified":"2024-05-28T11:41:26","modified_gmt":"2024-05-28T11:41:26","slug":"pc-portable-hp-pavilion-x360-i7-1255u-156fhd-8-go-512-go-ssd-w11h-natural-silver-touch-12m","status":"publish","type":"product","link":"https:\/\/devwaymaroc.com\/?product=pc-portable-hp-pavilion-x360-i7-1255u-156fhd-8-go-512-go-ssd-w11h-natural-silver-touch-12m","title":{"rendered":"PC portable HP Pavilion X360  i7-1255U 15,6&#8243;FHD 8 Go 512 Go SSD W11H Natural Silver Touch 12M"},"content":{"rendered":"<p>Intel\u00ae Core\u2122 i7-1255U (jusqu\u2019\u00e0 4,7 GHz avec la technologie Intel\u00ae Turbo Boost, m\u00e9moire cache L3 12 Mo, 10 c\u0153urs, 12 threads)<br \/>\nRAM: 8 Go de m\u00e9moire RAM DDR4-3200 MHz (2 x 4 Go)<br \/>\nDisque dur: SSD PCIe\u00ae NVMe\u2122 M.2 512 Go<br \/>\n\u00c9cran: Tactile multipoint Full HD d\u2019une diagonale de 39,6 cm (15,6 pouces), (1920 x 1080),\u00a0<a href=\"https:\/\/www.iris.ma\/catalogue\/ecran-pc-ips\">IPS<\/a>, verre bord \u00e0 bord, micro-bords, 250 nits, 45 % NTSC<br \/>\nCarte graphique: Intel\u00ae Iris\u00ae X\u1d49 Int\u00e9gr\u00e9<br \/>\nWindows 11 \u00c9dition Familiale unilingue<br \/>\nClavier: Argent naturel, r\u00e9tro\u00e9clair\u00e9, de grande taille avec pav\u00e9 num\u00e9rique, Fran\u00e7ais (AZERTY)<br \/>\nPoids: 1,79 kg<\/p>\n","protected":false},"excerpt":{"rendered":"<p>Intel\u00ae Core\u2122 i7-1255U (jusqu\u2019\u00e0 4,7 GHz avec la technologie Intel\u00ae Turbo Boost, m\u00e9moire cache L3 12 Mo, 10 c\u0153urs, 12 threads) RAM: 8 Go de m\u00e9moire RAM DDR4-3200 MHz (2 x 4 Go) Disque dur: SSD PCIe\u00ae NVMe\u2122 M.2 512 Go \u00c9cran: Tactile multipoint Full HD d\u2019une diagonale de 39,6 cm (15,6 pouces), (1920 x<\/p>\n<div class=\"klb-readmore button\"><a class=\"btn link\" href=\"https:\/\/devwaymaroc.com\/?product=pc-portable-hp-pavilion-x360-i7-1255u-156fhd-8-go-512-go-ssd-w11h-natural-silver-touch-12m\">Read More <i class=\"klbth-icon-right-arrow\"><\/i><\/a><\/div>\n","protected":false},"featured_media":5002,"comment_status":"open","ping_status":"closed","template":"","meta":[],"product_cat":[301,284,194],"product_tag":[],"jetpack_sharing_enabled":true,"_links":{"self":[{"href":"https:\/\/devwaymaroc.com\/index.php?rest_route=\/wp\/v2\/product\/4998"}],"collection":[{"href":"https:\/\/devwaymaroc.com\/index.php?rest_route=\/wp\/v2\/product"}],"about":[{"href":"https:\/\/devwaymaroc.com\/index.php?rest_route=\/wp\/v2\/types\/product"}],"replies":[{"embeddable":true,"href":"https:\/\/devwaymaroc.com\/index.php?rest_route=%2Fwp%2Fv2%2Fcomments&post=4998"}],"version-history":[{"count":1,"href":"https:\/\/devwaymaroc.com\/index.php?rest_route=\/wp\/v2\/product\/4998\/revisions"}],"predecessor-version":[{"id":5007,"href":"https:\/\/devwaymaroc.com\/index.php?rest_route=\/wp\/v2\/product\/4998\/revisions\/5007"}],"wp:featuredmedia":[{"embeddable":true,"href":"https:\/\/devwaymaroc.com\/index.php?rest_route=\/wp\/v2\/media\/5002"}],"wp:attachment":[{"href":"https:\/\/devwaymaroc.com\/index.php?rest_route=%2Fwp%2Fv2%2Fmedia&parent=4998"}],"wp:term":[{"taxonomy":"product_cat","embeddable":true,"href":"https:\/\/devwaymaroc.com\/index.php?rest_route=%2Fwp%2Fv2%2Fproduct_cat&post=4998"},{"taxonomy":"product_tag","embeddable":true,"href":"https:\/\/devwaymaroc.com\/index.php?rest_route=%2Fwp%2Fv2%2Fproduct_tag&post=4998"}],"curies":[{"name":"wp","href":"https:\/\/api.w.org\/{rel}","templated":true}]}}