{"id":4984,"date":"2024-05-23T15:04:38","date_gmt":"2024-05-23T15:04:38","guid":{"rendered":"https:\/\/devwaymaroc.com\/?post_type=product&#038;p=4984"},"modified":"2024-05-23T15:04:38","modified_gmt":"2024-05-23T15:04:38","slug":"stabilisateur-de-tension-kebo","status":"publish","type":"product","link":"https:\/\/devwaymaroc.com\/?product=stabilisateur-de-tension-kebo","title":{"rendered":"Stabilisateur de tension KEBO\u00a0"},"content":{"rendered":"<h1 title=\"KEBO 3000VA AC Stabilisateur de tension automatique\" data-spm-anchor-id=\"a2700.details.0.i31.432c1332othCnR\">Stabilisateur de tension KEBO<\/h1>\n<div class=\"attribute-list\">\n<div class=\"attribute-item\">\n<div class=\"right\" data-spm-anchor-id=\"a2700.details.0.i50.432c1332othCnR\">\n<p>Technologie :\u00a0<b>Circuit num\u00e9rique bas\u00e9 sur le processeur + EI. Transformateur<\/b><br \/>\nPlage De Tension d\u2019entr\u00e9e:\u00a0<b>100-260Vac<\/b><br \/>\nFr\u00e9quence d\u2019entr\u00e9e:\u00a0<b>50\/60Hz<\/b><br \/>\nTension de sortie :\u00a0<b>220\/230\/120Vac<\/b><br \/>\nPr\u00e9cision De sortie :\u00a0<b>\u00b1 10%<\/b><br \/>\nEfficacit\u00e9 :\u00a0<b>98%<\/b><br \/>\nPhase :\u00a0<b>Monophas\u00e9<\/b><br \/>\nLED Affichage Num\u00e9rique Statut :\u00a0<b>Tension d\u2019entr\u00e9e\/tension de sortie<\/b><br \/>\nVert LED :\u00a0<b>Dispositif sur<\/b><br \/>\nJaune LED :<b>\u00a0Retard en cours<\/b><br \/>\nRouge LED :\u00a0<b>Sortie supprim\u00e9e, tension d\u2019entr\u00e9e hors plage et surchauffe<\/b><br \/>\nProtection haute Tension :\u00a0<b>Oui<\/b><br \/>\nProtection De basse Tension :\u00a0<b>Non, mais en option<\/b><br \/>\nProtection contre les surcharges :\u00a0<b>Oui<\/b><br \/>\nProtection haute Temp\u00e9rature :\u00a0<b>Oui<\/b><br \/>\nProtection de Circuit :\u00a0<b>Disjoncteur<\/b><br \/>\nSyst\u00e8me De Refroidissement intelligent :<b>\u00a0N\/A<\/b><br \/>\nNormes de s\u00e9curit\u00e9 :\u00a0<b>CE, EN 60950, EN55024<\/b><br \/>\nTemp\u00e9rature de fonctionnement :\u00a0<b>0-40 \u2103<\/b><br \/>\nTemp\u00e9rature de stockage :\u00a0<b>-15-45 \u2103<\/b><br \/>\nHumidit\u00e9 Relative de fonctionnement :\u00a0<b>10% RH-102 % hr, sans condensation<\/b><br \/>\nDimension<br \/>\nBo\u00eete int\u00e9rieure (millim\u00e8tre) :<b>\u00a0410*265*300<\/b><br \/>\nPoids unitaire (kilogrammes) :\u00a0<b>4.1<\/b><\/p>\n<\/div>\n<\/div>\n<\/div>\n","protected":false},"excerpt":{"rendered":"<p>Stabilisateur de tension KEBO Technologie :\u00a0Circuit num\u00e9rique bas\u00e9 sur le processeur + EI. Transformateur Plage De Tension d\u2019entr\u00e9e:\u00a0100-260Vac Fr\u00e9quence d\u2019entr\u00e9e:\u00a050\/60Hz Tension de sortie :\u00a0220\/230\/120Vac Pr\u00e9cision De sortie :\u00a0\u00b1 10% Efficacit\u00e9 :\u00a098% Phase :\u00a0Monophas\u00e9 LED Affichage Num\u00e9rique Statut :\u00a0Tension d\u2019entr\u00e9e\/tension de sortie Vert LED :\u00a0Dispositif sur Jaune LED :\u00a0Retard en cours Rouge LED :\u00a0Sortie supprim\u00e9e, tension<\/p>\n<div class=\"klb-readmore button\"><a class=\"btn link\" href=\"https:\/\/devwaymaroc.com\/?product=stabilisateur-de-tension-kebo\">Read More <i class=\"klbth-icon-right-arrow\"><\/i><\/a><\/div>\n","protected":false},"featured_media":4987,"comment_status":"open","ping_status":"closed","template":"","meta":[],"product_cat":[205,197],"product_tag":[],"jetpack_sharing_enabled":true,"_links":{"self":[{"href":"https:\/\/devwaymaroc.com\/index.php?rest_route=\/wp\/v2\/product\/4984"}],"collection":[{"href":"https:\/\/devwaymaroc.com\/index.php?rest_route=\/wp\/v2\/product"}],"about":[{"href":"https:\/\/devwaymaroc.com\/index.php?rest_route=\/wp\/v2\/types\/product"}],"replies":[{"embeddable":true,"href":"https:\/\/devwaymaroc.com\/index.php?rest_route=%2Fwp%2Fv2%2Fcomments&post=4984"}],"version-history":[{"count":1,"href":"https:\/\/devwaymaroc.com\/index.php?rest_route=\/wp\/v2\/product\/4984\/revisions"}],"predecessor-version":[{"id":4988,"href":"https:\/\/devwaymaroc.com\/index.php?rest_route=\/wp\/v2\/product\/4984\/revisions\/4988"}],"wp:featuredmedia":[{"embeddable":true,"href":"https:\/\/devwaymaroc.com\/index.php?rest_route=\/wp\/v2\/media\/4987"}],"wp:attachment":[{"href":"https:\/\/devwaymaroc.com\/index.php?rest_route=%2Fwp%2Fv2%2Fmedia&parent=4984"}],"wp:term":[{"taxonomy":"product_cat","embeddable":true,"href":"https:\/\/devwaymaroc.com\/index.php?rest_route=%2Fwp%2Fv2%2Fproduct_cat&post=4984"},{"taxonomy":"product_tag","embeddable":true,"href":"https:\/\/devwaymaroc.com\/index.php?rest_route=%2Fwp%2Fv2%2Fproduct_tag&post=4984"}],"curies":[{"name":"wp","href":"https:\/\/api.w.org\/{rel}","templated":true}]}}