{"id":4962,"date":"2024-05-06T10:49:33","date_gmt":"2024-05-06T10:49:33","guid":{"rendered":"https:\/\/devwaymaroc.com\/?post_type=product&#038;p=4962"},"modified":"2024-05-06T10:49:34","modified_gmt":"2024-05-06T10:49:34","slug":"dell-latitude-3440-i5-1335u-14fhd-8-go-512-go-ssd-windows11-pro-36m","status":"publish","type":"product","link":"https:\/\/devwaymaroc.com\/?product=dell-latitude-3440-i5-1335u-14fhd-8-go-512-go-ssd-windows11-pro-36m","title":{"rendered":"DELL Latitude 3440 i5-1335U 14&#8243;FHD 8 Go 512 Go SSD Windows11 Pro 36M"},"content":{"rendered":"<div class=\"product-reference\"><label class=\"label ref_span\">R\u00e9f\u00e9rence<\/label>\u00a0DL-LAT3440-I5<\/div>\n<h1 class=\"h1 productpage_title\">Ordinateur portable Dell Latitude 3440 (DL-LAT3440-I5)<\/h1>\n<div class=\"product-information\">\n<div id=\"product-description-short-15912\">\n<p>Intel\u00ae Core\u2122 i5-1335U (12 MB cache, 10 cores, 12 threads, up to 4.60 GHz Turbo)<br \/>\nRAM: 8 Go (1x8GB, DDR4, 3200 MT\/s)<br \/>\nDisque dur: 512GB M.2 2230, PCIe NVMe, SSD Class 35<br \/>\n<a href=\"https:\/\/www.iris.ma\/catalogue\/pc-portable-14-pouces\">\u00c9cran: 14&#8243;<\/a>, FHD 1920&#215;1080, 60Hz, WVA\/IPS, Non-Touch, Anti-Glare, 250 nit, NTSC 45%, FHD Camera, WLAN<\/p>\n<p>Clavier: Fran\u00e7ais (AZERTY)<br \/>\nPoids: 1.54 kg<\/p>\n<\/div>\n<\/div>\n","protected":false},"excerpt":{"rendered":"<p>Processeur : intel Core\u00a0\u00a0i5-1335U (12 MB cache, 10 cores, up to 4.6 GHz)<\/p>\n<p>M\u00e9moire : 8GB, DDR4, 3 200 MHz<\/p>\n<p>Disque dur : M.2 2230, PCIe\u00a0NVMe, 512GB SSD, classe\u00a035<\/p>\n<p>Taille de l&#8217;\u00e9cran : Ecran 14&#8243; FHD (1 920 x 1 080) non tactile, 250 cd\/m\u00b2, anti\u00e9blouissement, IPS<\/p>\n<p>Carte graphique Intel Iris Xe Graphics<\/p>\n<p>Intel\u00ae Wi-Fi 6E AX211, 802.11ax, 2&#215;2, Bluetooth\u00ae<\/p>\n<p>Clavier r\u00e9tro\u00e9clair\u00e9, fran\u00e7ais<\/p>\n<p>&nbsp;<\/p>\n<p>&nbsp;<\/p>\n","protected":false},"featured_media":4963,"comment_status":"open","ping_status":"closed","template":"","meta":[],"product_cat":[301,284,194],"product_tag":[],"jetpack_sharing_enabled":true,"_links":{"self":[{"href":"https:\/\/devwaymaroc.com\/index.php?rest_route=\/wp\/v2\/product\/4962"}],"collection":[{"href":"https:\/\/devwaymaroc.com\/index.php?rest_route=\/wp\/v2\/product"}],"about":[{"href":"https:\/\/devwaymaroc.com\/index.php?rest_route=\/wp\/v2\/types\/product"}],"replies":[{"embeddable":true,"href":"https:\/\/devwaymaroc.com\/index.php?rest_route=%2Fwp%2Fv2%2Fcomments&post=4962"}],"version-history":[{"count":1,"href":"https:\/\/devwaymaroc.com\/index.php?rest_route=\/wp\/v2\/product\/4962\/revisions"}],"predecessor-version":[{"id":4968,"href":"https:\/\/devwaymaroc.com\/index.php?rest_route=\/wp\/v2\/product\/4962\/revisions\/4968"}],"wp:featuredmedia":[{"embeddable":true,"href":"https:\/\/devwaymaroc.com\/index.php?rest_route=\/wp\/v2\/media\/4963"}],"wp:attachment":[{"href":"https:\/\/devwaymaroc.com\/index.php?rest_route=%2Fwp%2Fv2%2Fmedia&parent=4962"}],"wp:term":[{"taxonomy":"product_cat","embeddable":true,"href":"https:\/\/devwaymaroc.com\/index.php?rest_route=%2Fwp%2Fv2%2Fproduct_cat&post=4962"},{"taxonomy":"product_tag","embeddable":true,"href":"https:\/\/devwaymaroc.com\/index.php?rest_route=%2Fwp%2Fv2%2Fproduct_tag&post=4962"}],"curies":[{"name":"wp","href":"https:\/\/api.w.org\/{rel}","templated":true}]}}