{"id":4940,"date":"2024-05-05T15:37:19","date_gmt":"2024-05-05T15:37:19","guid":{"rendered":"https:\/\/devwaymaroc.com\/?post_type=product&#038;p=4940"},"modified":"2024-05-05T15:37:19","modified_gmt":"2024-05-05T15:37:19","slug":"samsung-tv-58-gamme-c-serie7-4k-3840x2160-3-hdmi-1-usb-smart-bth-wifi-recept-integre","status":"publish","type":"product","link":"https:\/\/devwaymaroc.com\/?product=samsung-tv-58-gamme-c-serie7-4k-3840x2160-3-hdmi-1-usb-smart-bth-wifi-recept-integre","title":{"rendered":"SAMSUNG TV 58&#8243; Gamme C Serie7 4K 3,840&#215;2,160 3 HDMI 1 USB Smart bth Wifi Recept integr\u00e9"},"content":{"rendered":"<p>R\u00e9f\u00e9rence UA58CU7000UXMV<\/p>\n<p>SAMSUNG TV 58&#8243; Gamme C Serie7 4K 3,840&#215;2,160 3 HDMI 1 USB Smart bth Wifi Recept integr\u00e9<\/p>\n<p>&nbsp;<\/p>\n","protected":false},"excerpt":{"rendered":"<p>R\u00e9f\u00e9rence UA58CU7000UXMV SAMSUNG TV 58&#8243; Gamme C Serie7 4K 3,840&#215;2,160 3 HDMI 1 USB Smart bth Wifi Recept integr\u00e9 &nbsp;<\/p>\n","protected":false},"featured_media":4941,"comment_status":"open","ping_status":"closed","template":"","meta":[],"product_cat":[206,210],"product_tag":[],"jetpack_sharing_enabled":true,"_links":{"self":[{"href":"https:\/\/devwaymaroc.com\/index.php?rest_route=\/wp\/v2\/product\/4940"}],"collection":[{"href":"https:\/\/devwaymaroc.com\/index.php?rest_route=\/wp\/v2\/product"}],"about":[{"href":"https:\/\/devwaymaroc.com\/index.php?rest_route=\/wp\/v2\/types\/product"}],"replies":[{"embeddable":true,"href":"https:\/\/devwaymaroc.com\/index.php?rest_route=%2Fwp%2Fv2%2Fcomments&post=4940"}],"version-history":[{"count":1,"href":"https:\/\/devwaymaroc.com\/index.php?rest_route=\/wp\/v2\/product\/4940\/revisions"}],"predecessor-version":[{"id":4942,"href":"https:\/\/devwaymaroc.com\/index.php?rest_route=\/wp\/v2\/product\/4940\/revisions\/4942"}],"wp:featuredmedia":[{"embeddable":true,"href":"https:\/\/devwaymaroc.com\/index.php?rest_route=\/wp\/v2\/media\/4941"}],"wp:attachment":[{"href":"https:\/\/devwaymaroc.com\/index.php?rest_route=%2Fwp%2Fv2%2Fmedia&parent=4940"}],"wp:term":[{"taxonomy":"product_cat","embeddable":true,"href":"https:\/\/devwaymaroc.com\/index.php?rest_route=%2Fwp%2Fv2%2Fproduct_cat&post=4940"},{"taxonomy":"product_tag","embeddable":true,"href":"https:\/\/devwaymaroc.com\/index.php?rest_route=%2Fwp%2Fv2%2Fproduct_tag&post=4940"}],"curies":[{"name":"wp","href":"https:\/\/api.w.org\/{rel}","templated":true}]}}