{"id":4930,"date":"2024-05-05T15:25:07","date_gmt":"2024-05-05T15:25:07","guid":{"rendered":"https:\/\/devwaymaroc.com\/?post_type=product&#038;p=4930"},"modified":"2024-05-05T15:25:08","modified_gmt":"2024-05-05T15:25:08","slug":"oray-ecran-portable-et-trepieds-175-x-175-cm","status":"publish","type":"product","link":"https:\/\/devwaymaroc.com\/?product=oray-ecran-portable-et-trepieds-175-x-175-cm","title":{"rendered":"ORAY Ecran Portable et Trepieds 175 X 175 cm"},"content":{"rendered":"<p><label class=\"label ref_span\">R\u00e9f\u00e9rence\u00a0 \u00a0<span style=\"font-size: 16px;\">\u00a0TRE03B1175175<\/span><\/label><\/p>\n<p>L\u2019\u00e9cran de projection manuel sur tr\u00e9pied de chez\u00a0<a href=\"https:\/\/www.iris.ma\/32_oray\">Oray<\/a>\u00a0propose un niveau de finition in\u00e9gal\u00e9 avec un prix accessible. Avec sa dimension r\u00e9duite de 175 sur 175 cm et sa simplicit\u00e9 d&#8217;emploi avec sa fermeture simple et son tr\u00e9pied robuste, il est destin\u00e9 au grand public pour un multi-usage : formation en salle de classe, home cin\u00e9ma, affichage, pr\u00e9sentation en salle de conf\u00e9rence etc. Il diffuse uniform\u00e9ment la lumi\u00e8re projet\u00e9e sur sa surface blanche opaque et son format d\u2019\u00e9cran de 1,1 vous assure une image de haute qualit\u00e9. La surface de l&#8217;\u00e9cran est facile \u00e0 entretenir en nettoyant avec de l&#8217;eau.<br \/>\nFormat de l&#8217;\u00e9cran 1:1<br \/>\nHauteur: 175 cm<br \/>\nLargeur: 175 cm<br \/>\nPoids: 6 kg<\/p>\n","protected":false},"excerpt":{"rendered":"<p>R\u00e9f\u00e9rence\u00a0 \u00a0\u00a0TRE03B1175175 L\u2019\u00e9cran de projection manuel sur tr\u00e9pied de chez\u00a0Oray\u00a0propose un niveau de finition in\u00e9gal\u00e9 avec un prix accessible. Avec sa dimension r\u00e9duite de 175 sur 175 cm et sa simplicit\u00e9 d&#8217;emploi avec sa fermeture simple et son tr\u00e9pied robuste, il est destin\u00e9 au grand public pour un multi-usage : formation en salle de classe,<\/p>\n<div class=\"klb-readmore button\"><a class=\"btn link\" href=\"https:\/\/devwaymaroc.com\/?product=oray-ecran-portable-et-trepieds-175-x-175-cm\">Read More <i class=\"klbth-icon-right-arrow\"><\/i><\/a><\/div>\n","protected":false},"featured_media":4931,"comment_status":"open","ping_status":"closed","template":"","meta":[],"product_cat":[208,206],"product_tag":[],"jetpack_sharing_enabled":true,"_links":{"self":[{"href":"https:\/\/devwaymaroc.com\/index.php?rest_route=\/wp\/v2\/product\/4930"}],"collection":[{"href":"https:\/\/devwaymaroc.com\/index.php?rest_route=\/wp\/v2\/product"}],"about":[{"href":"https:\/\/devwaymaroc.com\/index.php?rest_route=\/wp\/v2\/types\/product"}],"replies":[{"embeddable":true,"href":"https:\/\/devwaymaroc.com\/index.php?rest_route=%2Fwp%2Fv2%2Fcomments&post=4930"}],"version-history":[{"count":1,"href":"https:\/\/devwaymaroc.com\/index.php?rest_route=\/wp\/v2\/product\/4930\/revisions"}],"predecessor-version":[{"id":4934,"href":"https:\/\/devwaymaroc.com\/index.php?rest_route=\/wp\/v2\/product\/4930\/revisions\/4934"}],"wp:featuredmedia":[{"embeddable":true,"href":"https:\/\/devwaymaroc.com\/index.php?rest_route=\/wp\/v2\/media\/4931"}],"wp:attachment":[{"href":"https:\/\/devwaymaroc.com\/index.php?rest_route=%2Fwp%2Fv2%2Fmedia&parent=4930"}],"wp:term":[{"taxonomy":"product_cat","embeddable":true,"href":"https:\/\/devwaymaroc.com\/index.php?rest_route=%2Fwp%2Fv2%2Fproduct_cat&post=4930"},{"taxonomy":"product_tag","embeddable":true,"href":"https:\/\/devwaymaroc.com\/index.php?rest_route=%2Fwp%2Fv2%2Fproduct_tag&post=4930"}],"curies":[{"name":"wp","href":"https:\/\/api.w.org\/{rel}","templated":true}]}}