{"id":4920,"date":"2024-05-05T14:57:14","date_gmt":"2024-05-05T14:57:14","guid":{"rendered":"https:\/\/devwaymaroc.com\/?post_type=product&#038;p=4920"},"modified":"2024-05-05T14:57:14","modified_gmt":"2024-05-05T14:57:14","slug":"epson-eb-w49-wxga3800lum1280x8001610hdmietheco27kgernet-en-standwifi-en-optusbabvga","status":"publish","type":"product","link":"https:\/\/devwaymaroc.com\/?product=epson-eb-w49-wxga3800lum1280x8001610hdmietheco27kgernet-en-standwifi-en-optusbabvga","title":{"rendered":"EPSON EB-W49 WXGA,3800Lum,1280&#215;800,16:10,HDMI,Eth\u00e9co)2,7kgernet en stand,WiFi en opt,USB(A&#038;B),VGA"},"content":{"rendered":"<p><label class=\"label\">R\u00e9f\u00e9rence\u00a0<\/label>EP_V11H983040<\/p>\n<p>R\u00e9solution: WXGA, 1280 x 800, 16:10<\/p>\n<p>Luminosit\u00e9: 3.800 lumen- 2.600 lumen (\u00e9conomie) conform\u00e9ment \u00e0 la norme IDMS15.4<\/p>\n<p>Rapport de contraste: 16.000 : 1<\/p>\n<p>UHE, 210 W, 8.000 h Long\u00e9vit\u00e9, 17.000 h Long\u00e9vit\u00e9 (en mode \u00e9conomique)<\/p>\n<p>Rapport de projection: 1,30 &#8211; 1,56:1<\/p>\n<p>Taille de l&#8217;image: 33 pouces &#8211; 320 pouces<\/p>\n<p>Syst\u00e8me de 1 projection: Technologie 3LCD, Obturateur RVB \u00e0 cristaux liquides<\/p>\n<p>Haut-parleur: 5 W<\/p>\n<p>Poids: 2,7 kg<\/p>\n<p>Connexions: USB 2.0 type A, USB 2.0 type B, RS-232C, Interface Ethernet (100 Base-TX\/10 Base-T), Entr\u00e9e VGA (2x), Sortie VGA, Entr\u00e9e HDMI (2x), Entr\u00e9e composite, Sortie audio mini-jack, Entr\u00e9e audio mini-jack (2x), Entr\u00e9e RCA<\/p>\n<p>\u00c9tat: Produit neuf<\/p>\n","protected":false},"excerpt":{"rendered":"<p>EB-W49 WXGA, 3800 Lumens, 1280 x 800, 16:10, ETHERNET en standard, WiFi en option 2 USB 2.0 type A &amp; B, Entr\u00e9e VGA, Entr\u00e9e HDMI(x2), Entr\u00e9e RCA, sacoche en option , 36 mois de garanties, dur\u00e9e de la lampe 6.000 h ,10.000 h (en mode \u00e9conomique) 2,7kg<\/p>\n","protected":false},"featured_media":4923,"comment_status":"open","ping_status":"closed","template":"","meta":[],"product_cat":[206,209],"product_tag":[],"jetpack_sharing_enabled":true,"_links":{"self":[{"href":"https:\/\/devwaymaroc.com\/index.php?rest_route=\/wp\/v2\/product\/4920"}],"collection":[{"href":"https:\/\/devwaymaroc.com\/index.php?rest_route=\/wp\/v2\/product"}],"about":[{"href":"https:\/\/devwaymaroc.com\/index.php?rest_route=\/wp\/v2\/types\/product"}],"replies":[{"embeddable":true,"href":"https:\/\/devwaymaroc.com\/index.php?rest_route=%2Fwp%2Fv2%2Fcomments&post=4920"}],"version-history":[{"count":1,"href":"https:\/\/devwaymaroc.com\/index.php?rest_route=\/wp\/v2\/product\/4920\/revisions"}],"predecessor-version":[{"id":4924,"href":"https:\/\/devwaymaroc.com\/index.php?rest_route=\/wp\/v2\/product\/4920\/revisions\/4924"}],"wp:featuredmedia":[{"embeddable":true,"href":"https:\/\/devwaymaroc.com\/index.php?rest_route=\/wp\/v2\/media\/4923"}],"wp:attachment":[{"href":"https:\/\/devwaymaroc.com\/index.php?rest_route=%2Fwp%2Fv2%2Fmedia&parent=4920"}],"wp:term":[{"taxonomy":"product_cat","embeddable":true,"href":"https:\/\/devwaymaroc.com\/index.php?rest_route=%2Fwp%2Fv2%2Fproduct_cat&post=4920"},{"taxonomy":"product_tag","embeddable":true,"href":"https:\/\/devwaymaroc.com\/index.php?rest_route=%2Fwp%2Fv2%2Fproduct_tag&post=4920"}],"curies":[{"name":"wp","href":"https:\/\/api.w.org\/{rel}","templated":true}]}}