{"id":4910,"date":"2024-05-05T14:50:21","date_gmt":"2024-05-05T14:50:21","guid":{"rendered":"https:\/\/devwaymaroc.com\/?post_type=product&#038;p=4910"},"modified":"2024-05-05T14:50:21","modified_gmt":"2024-05-05T14:50:21","slug":"epson-eb-1780w-wxga-3000-lumens-wifi-en-standar","status":"publish","type":"product","link":"https:\/\/devwaymaroc.com\/?product=epson-eb-1780w-wxga-3000-lumens-wifi-en-standar","title":{"rendered":"EPSON EB-1780W WXGA 3000 Lumens WiFi en standar"},"content":{"rendered":"<div class=\"product-attributes mb-2 js-product-attributes-destination\">\n<div class=\"attribute-item product-manufacturer\"><label>Marque :<\/label>\u00a0<a class=\"li-a\" href=\"https:\/\/www.techpro.ma\/marque\/55-epson\">EPSON<\/a><\/div>\n<div class=\"attribute-item product-reference\"><label>R\u00e9f\u00e9rence :<\/label>\u00a0V11H795040<\/div>\n<div class=\"attribute-item product-condition\"><label>\u00c9tat :<\/label>\u00a0Nouveau<\/div>\n<\/div>\n<div class=\"product-availability-top mb-3 js-product-availability-destination\"><span id=\"product-availability\" class=\"js-product-availability\"><span class=\"product-availability product-available alert alert-success\"><i class=\"material-icons\">check<\/i>\u00a0En stock<\/span><\/span><\/div>\n<div class=\"product-out-of-stock\"><\/div>\n<div id=\"product-description-short-1503\" class=\"product-description-short typo sm-bottom\">\n<p>Technologie d&#8217;affichage 3LCD<br \/>\nLuminosit\u00e9 du projecteur: 3000 lumen- 1.900 lumen (\u00e9conomie) conform\u00e9ment \u00e0 la norme IDMS15.4<br \/>\nRapport de contraste: 10.000 : 1<br \/>\n206 W, 4.000 h Long\u00e9vit\u00e9, 7.000 h Long\u00e9vit\u00e9 (en mode \u00e9conomique)<br \/>\nR\u00e9solution native du projecteur: R\u00e9solution WXGA, 1280 x 800, 16:10<br \/>\nLa source de lumi\u00e8re: Lampe<br \/>\nRatio de format d&#8217;image: 30 pouces &#8211; 300 pouces<br \/>\nSyst\u00e8me de projection: Technologie d&#8217;affichage 3LCD<br \/>\nRapport de projection: 1,04 &#8211; 1,26:1<br \/>\nConnexions: USB 2.0-A, USB 2.0, Entr\u00e9e VGA, Entr\u00e9e HDMI, Entr\u00e9e composite, Prise jack d&#8217;entr\u00e9e, MHL, R\u00e9seau local sans fil IEEE 802.11b\/g\/n (WiFi 4), Wi-Fi b\/g\/g 25 GHz<br \/>\nHaut-parleur: 1 W<br \/>\nPoids: 1,8 kg<\/p>\n<\/div>\n","protected":false},"excerpt":{"rendered":"<p><strong>* Wifi :<\/strong>\u00a0Oui int\u00e9gr\u00e9<br \/>\n<strong>* Luminosit\u00e9 du projecteur :<\/strong>\u00a03000 ANSI lumens<br \/>\n<strong>* R\u00e9solution native du projecteur :<\/strong>\u00a0WXGA (1280&#215;800)<br \/>\n<strong>* Type de source lumineuse :<\/strong>\u00a0Lampe<br \/>\n<strong>* Dur\u00e9e de vie de la source lumineuse :<\/strong>\u00a04000 h<br \/>\n<strong>* Dur\u00e9e de vie de la source lumineuse (mode \u00e9conomique) :<\/strong>\u00a07000 h<br \/>\n<strong>* Poids :<\/strong>\u00a03,65 kg<br \/>\n<strong>* Connectivit\u00e9 :<\/strong>\u00a02*Ports USB 2.0<br \/>\nEntr\u00e9e audio PC<br \/>\nVGA (D-Sub)<br \/>\nPorts HDMI<br \/>\nEntr\u00e9e vid\u00e9o composite<br \/>\nInterface mobile haute d\u00e9finition\u00a0 (MHL, Mobile High-Definition Link)<\/p>\n","protected":false},"featured_media":4915,"comment_status":"open","ping_status":"closed","template":"","meta":[],"product_cat":[206,209],"product_tag":[],"jetpack_sharing_enabled":true,"_links":{"self":[{"href":"https:\/\/devwaymaroc.com\/index.php?rest_route=\/wp\/v2\/product\/4910"}],"collection":[{"href":"https:\/\/devwaymaroc.com\/index.php?rest_route=\/wp\/v2\/product"}],"about":[{"href":"https:\/\/devwaymaroc.com\/index.php?rest_route=\/wp\/v2\/types\/product"}],"replies":[{"embeddable":true,"href":"https:\/\/devwaymaroc.com\/index.php?rest_route=%2Fwp%2Fv2%2Fcomments&post=4910"}],"version-history":[{"count":1,"href":"https:\/\/devwaymaroc.com\/index.php?rest_route=\/wp\/v2\/product\/4910\/revisions"}],"predecessor-version":[{"id":4919,"href":"https:\/\/devwaymaroc.com\/index.php?rest_route=\/wp\/v2\/product\/4910\/revisions\/4919"}],"wp:featuredmedia":[{"embeddable":true,"href":"https:\/\/devwaymaroc.com\/index.php?rest_route=\/wp\/v2\/media\/4915"}],"wp:attachment":[{"href":"https:\/\/devwaymaroc.com\/index.php?rest_route=%2Fwp%2Fv2%2Fmedia&parent=4910"}],"wp:term":[{"taxonomy":"product_cat","embeddable":true,"href":"https:\/\/devwaymaroc.com\/index.php?rest_route=%2Fwp%2Fv2%2Fproduct_cat&post=4910"},{"taxonomy":"product_tag","embeddable":true,"href":"https:\/\/devwaymaroc.com\/index.php?rest_route=%2Fwp%2Fv2%2Fproduct_tag&post=4910"}],"curies":[{"name":"wp","href":"https:\/\/api.w.org\/{rel}","templated":true}]}}