{"id":4380,"date":"2023-12-02T16:29:31","date_gmt":"2023-12-02T16:29:31","guid":{"rendered":"https:\/\/devwaymaroc.com\/?post_type=product&#038;p=4380"},"modified":"2023-12-02T16:29:31","modified_gmt":"2023-12-02T16:29:31","slug":"lenovo-thinkpad-amd-ryzen-5-pro-3500u-remis-a-neuf","status":"publish","type":"product","link":"https:\/\/devwaymaroc.com\/?product=lenovo-thinkpad-amd-ryzen-5-pro-3500u-remis-a-neuf","title":{"rendered":"Lenovo ThinkPad &#8211; AMD Ryzen 5 Pro 3500U( remis a neuf)"},"content":{"rendered":"<table>\n<tbody>\n<tr>\n<td>Processeur<\/td>\n<td>AMD Ryzen 5 PRO 3500U &#8211; QUAD CORE 2.1Ghz<\/td>\n<\/tr>\n<tr>\n<td>RAM<\/td>\n<td>8192Mo (8Go)<\/td>\n<\/tr>\n<tr>\n<td>Disque Dur<\/td>\n<td>256Go SSD M2 ultra rapide<\/td>\n<\/tr>\n<tr>\n<td>R\u00e9solution<\/td>\n<td>R\u00e9solution HD<\/td>\n<\/tr>\n<tr>\n<td>Taille de l&#8217;\u00e9cran<\/td>\n<td>13.3 pouces (33.78 cm)<\/td>\n<\/tr>\n<tr>\n<td>CAMERA<\/td>\n<td>WEBCAM INTEGREE<\/td>\n<\/tr>\n<tr>\n<td>Carte vid\u00e9o<\/td>\n<td>Ati RADEON Vega 8<\/td>\n<\/tr>\n<tr>\n<td>Carte son<\/td>\n<td>carte son int\u00e9gr\u00e9e<\/td>\n<\/tr>\n<tr>\n<td>Carte r\u00e9seau<\/td>\n<td>Wifi + Bluetooth<\/td>\n<\/tr>\n<tr>\n<td>Sortie Vid\u00e9o<\/td>\n<td>num\u00e9rique HDMI<\/td>\n<\/tr>\n<tr>\n<td>Ports USB<\/td>\n<td>USB 2.0 + USB 3.0 + USB-C<\/td>\n<\/tr>\n<tr>\n<td>Syst\u00e8me de pointage (souris)<\/td>\n<td>Touchpad + trackpoint<\/td>\n<\/tr>\n<\/tbody>\n<\/table>\n","protected":false},"excerpt":{"rendered":"<p>Processeur AMD Ryzen 5 PRO 3500U &#8211; QUAD CORE 2.1Ghz RAM 8192Mo (8Go) Disque Dur 256Go SSD M2 ultra rapide R\u00e9solution R\u00e9solution HD Taille de l&#8217;\u00e9cran 13.3 pouces (33.78 cm) CAMERA WEBCAM INTEGREE Carte vid\u00e9o Ati RADEON Vega 8 Carte son carte son int\u00e9gr\u00e9e Carte r\u00e9seau Wifi + Bluetooth Sortie Vid\u00e9o num\u00e9rique HDMI Ports USB<\/p>\n<div class=\"klb-readmore button\"><a class=\"btn link\" href=\"https:\/\/devwaymaroc.com\/?product=lenovo-thinkpad-amd-ryzen-5-pro-3500u-remis-a-neuf\">Read More <i class=\"klbth-icon-right-arrow\"><\/i><\/a><\/div>\n","protected":false},"featured_media":4384,"comment_status":"open","ping_status":"closed","template":"","meta":[],"product_cat":[194],"product_tag":[],"jetpack_sharing_enabled":true,"_links":{"self":[{"href":"https:\/\/devwaymaroc.com\/index.php?rest_route=\/wp\/v2\/product\/4380"}],"collection":[{"href":"https:\/\/devwaymaroc.com\/index.php?rest_route=\/wp\/v2\/product"}],"about":[{"href":"https:\/\/devwaymaroc.com\/index.php?rest_route=\/wp\/v2\/types\/product"}],"replies":[{"embeddable":true,"href":"https:\/\/devwaymaroc.com\/index.php?rest_route=%2Fwp%2Fv2%2Fcomments&post=4380"}],"version-history":[{"count":0,"href":"https:\/\/devwaymaroc.com\/index.php?rest_route=\/wp\/v2\/product\/4380\/revisions"}],"wp:featuredmedia":[{"embeddable":true,"href":"https:\/\/devwaymaroc.com\/index.php?rest_route=\/wp\/v2\/media\/4384"}],"wp:attachment":[{"href":"https:\/\/devwaymaroc.com\/index.php?rest_route=%2Fwp%2Fv2%2Fmedia&parent=4380"}],"wp:term":[{"taxonomy":"product_cat","embeddable":true,"href":"https:\/\/devwaymaroc.com\/index.php?rest_route=%2Fwp%2Fv2%2Fproduct_cat&post=4380"},{"taxonomy":"product_tag","embeddable":true,"href":"https:\/\/devwaymaroc.com\/index.php?rest_route=%2Fwp%2Fv2%2Fproduct_tag&post=4380"}],"curies":[{"name":"wp","href":"https:\/\/api.w.org\/{rel}","templated":true}]}}