{"id":3558,"date":"2022-11-01T08:46:40","date_gmt":"2022-11-01T08:46:40","guid":{"rendered":"https:\/\/klbtheme.com\/partdo\/?page_id=3558"},"modified":"2024-01-05T18:01:46","modified_gmt":"2024-01-05T18:01:46","slug":"terms-and-conditions","status":"publish","type":"page","link":"https:\/\/devwaymaroc.com\/?page_id=3558","title":{"rendered":"Terms and Conditions"},"content":{"rendered":"\t\t<div data-elementor-type=\"wp-page\" data-elementor-id=\"3558\" class=\"elementor elementor-3558\" data-elementor-post-type=\"page\">\n\t\t\t\t\t\t\t\t\t<section class=\"elementor-section elementor-top-section elementor-element elementor-element-acfe608 elementor-section-boxed elementor-section-height-default elementor-section-height-default\" data-id=\"acfe608\" data-element_type=\"section\">\n\t\t\t\t\t\t<div class=\"elementor-container elementor-column-gap-extended\">\n\t\t\t\t\t<div class=\"elementor-column elementor-col-100 elementor-top-column elementor-element elementor-element-aa1b56e\" data-id=\"aa1b56e\" data-element_type=\"column\">\n\t\t\t<div class=\"elementor-widget-wrap elementor-element-populated\">\n\t\t\t\t\t\t\t\t<div class=\"elementor-element elementor-element-5e87a19 elementor-widget elementor-widget-heading\" data-id=\"5e87a19\" data-element_type=\"widget\" data-widget_type=\"heading.default\">\n\t\t\t\t<div class=\"elementor-widget-container\">\n\t\t\t<style>\/*! elementor - v3.18.0 - 20-12-2023 *\/\n.elementor-heading-title{padding:0;margin:0;line-height:1}.elementor-widget-heading .elementor-heading-title[class*=elementor-size-]>a{color:inherit;font-size:inherit;line-height:inherit}.elementor-widget-heading .elementor-heading-title.elementor-size-small{font-size:15px}.elementor-widget-heading .elementor-heading-title.elementor-size-medium{font-size:19px}.elementor-widget-heading .elementor-heading-title.elementor-size-large{font-size:29px}.elementor-widget-heading .elementor-heading-title.elementor-size-xl{font-size:39px}.elementor-widget-heading .elementor-heading-title.elementor-size-xxl{font-size:59px}<\/style><h3 class=\"elementor-heading-title elementor-size-default\">Nos Conditions G\u00e9n\u00e9rales<\/h3>\t\t<\/div>\n\t\t\t\t<\/div>\n\t\t\t\t<div class=\"elementor-element elementor-element-16cb3a6 elementor-widget elementor-widget-heading\" data-id=\"16cb3a6\" data-element_type=\"widget\" data-widget_type=\"heading.default\">\n\t\t\t\t<div class=\"elementor-widget-container\">\n\t\t\t<p class=\"elementor-heading-title elementor-size-default\">C'est un fait \u00e9tabli depuis longtemps qu'un lecteur sera distrait par le contenu lisible d'une page lorsqu'il examinera sa mise en page. L\u2019int\u00e9r\u00eat d\u2019utiliser le Lorem Ipsum est qu\u2019il a une distribution de lettres plus ou moins normale, par opposition \u00e0 l\u2019utilisation de \u00ab\u00a0Contenu ici, contenu ici\u00a0\u00bb, ce qui donne l\u2019impression qu\u2019il s\u2019agit d\u2019un anglais lisible. De nombreux logiciels de publication assist\u00e9e par ordinateur et \u00e9diteurs de pages Web utilisent d\u00e9sormais Lorem Ipsum comme mod\u00e8le de texte par d\u00e9faut, et une recherche sur \u00ab lorem ipsum \u00bb permettra de d\u00e9couvrir de nombreux sites Web encore \u00e0 leurs balbutiements. Diff\u00e9rentes versions ont \u00e9volu\u00e9 au fil des ann\u00e9es, parfois par accident, parfois par injection d'humour volontaire, etc. Il existe de nombreuses variantes de passages du Lorem Ipsum disponibles, mais la majorit\u00e9 ont subi des alt\u00e9rations sous une forme ou une autre, par injection d'humour ou par des mots al\u00e9atoires qui ne \u00e7a n'a m\u00eame pas l'air l\u00e9g\u00e8rement cr\u00e9dible. Si vous comptez utiliser un passage du Lorem Ipsum, vous devez vous assurer qu\u2019il n\u2019y a rien d\u2019embarrassant cach\u00e9 au milieu du texte.<\/p>\t\t<\/div>\n\t\t\t\t<\/div>\n\t\t\t\t\t<\/div>\n\t\t<\/div>\n\t\t\t\t\t\t\t<\/div>\n\t\t<\/section>\n\t\t\t\t<section class=\"elementor-section elementor-top-section elementor-element elementor-element-56d70e7 elementor-section-boxed elementor-section-height-default elementor-section-height-default\" data-id=\"56d70e7\" data-element_type=\"section\">\n\t\t\t\t\t\t<div class=\"elementor-container elementor-column-gap-extended\">\n\t\t\t\t\t<div class=\"elementor-column elementor-col-100 elementor-top-column elementor-element elementor-element-2f4c3cd\" data-id=\"2f4c3cd\" data-element_type=\"column\">\n\t\t\t<div class=\"elementor-widget-wrap elementor-element-populated\">\n\t\t\t\t\t\t\t\t<div class=\"elementor-element elementor-element-fc65848 elementor-widget elementor-widget-heading\" data-id=\"fc65848\" data-element_type=\"widget\" data-widget_type=\"heading.default\">\n\t\t\t\t<div class=\"elementor-widget-container\">\n\t\t\t<h3 class=\"elementor-heading-title elementor-size-default\">commentaires<\/h3>\t\t<\/div>\n\t\t\t\t<\/div>\n\t\t\t\t<div class=\"elementor-element elementor-element-94e2fcd elementor-widget elementor-widget-text-editor\" data-id=\"94e2fcd\" data-element_type=\"widget\" data-widget_type=\"text-editor.default\">\n\t\t\t\t<div class=\"elementor-widget-container\">\n\t\t\t<style>\/*! elementor - v3.18.0 - 20-12-2023 *\/\n.elementor-widget-text-editor.elementor-drop-cap-view-stacked .elementor-drop-cap{background-color:#69727d;color:#fff}.elementor-widget-text-editor.elementor-drop-cap-view-framed .elementor-drop-cap{color:#69727d;border:3px solid;background-color:transparent}.elementor-widget-text-editor:not(.elementor-drop-cap-view-default) .elementor-drop-cap{margin-top:8px}.elementor-widget-text-editor:not(.elementor-drop-cap-view-default) .elementor-drop-cap-letter{width:1em;height:1em}.elementor-widget-text-editor .elementor-drop-cap{float:left;text-align:center;line-height:1;font-size:50px}.elementor-widget-text-editor .elementor-drop-cap-letter{display:inline-block}<\/style>\t\t\t\t<p>C&#8217;est un fait \u00e9tabli depuis longtemps qu&#8217;un lecteur sera distrait par le contenu lisible d&#8217;une page lorsqu&#8217;il examinera sa mise en page. L\u2019int\u00e9r\u00eat d\u2019utiliser le Lorem Ipsum est qu\u2019il a une distribution de lettres plus ou moins normale, par opposition \u00e0 l\u2019utilisation de \u00ab\u00a0Contenu ici, contenu ici\u00a0\u00bb, ce qui donne l\u2019impression qu\u2019il s\u2019agit d\u2019un anglais lisible. De nombreux logiciels de publication assist\u00e9e par ordinateur et \u00e9diteurs de pages Web utilisent d\u00e9sormais Lorem Ipsum comme mod\u00e8le de texte par d\u00e9faut, et une recherche sur \u00ab lorem ipsum \u00bb permettra de d\u00e9couvrir de nombreux sites Web encore \u00e0 leurs balbutiements. Diff\u00e9rentes versions ont \u00e9volu\u00e9 au fil des ann\u00e9es, parfois par accident, parfois en y injectant volontairement de l&#8217;humour, etc.<\/p><p>Ut enim ad minima veniam, quis nostrum exercitationem ullam corporis suscipit laboriosam, nisi ut aliquid ex ea commodi consequatur<br \/>Quis autem vel eum iure reprehenderit qui in ea voluptate velit esse quam nihil molestiae consequatur, vel illum qui dolorem eum fugiat quo voluptas nulla pariatur<br \/>Et harum quidem rerum facilis est et expedita distinctio. Nam libero tempore, cum soluta nobis est eligendi optio cumque nihil impedit quo minus id quod maxime placeat facere possimus, omnis voluptas assumenda est, omnis dolor repellendus.<br \/>Temporibus autem quibusdam et aut officiis debitis aut rerum necessitatibus saepe eveniet ut et voluptates repudiandae sint et molestiae non recusandae.<\/p><p>Il existe de nombreuses variantes de passages du Lorem Ipsum disponibles, mais la majorit\u00e9 ont subi des alt\u00e9rations sous une forme ou une autre, par injection d&#8217;humour ou par des mots al\u00e9atoires qui ne semblent m\u00eame pas l\u00e9g\u00e8rement cr\u00e9dibles. Si vous comptez utiliser un passage du Lorem Ipsum, vous devez vous assurer qu\u2019il n\u2019y a rien d\u2019embarrassant cach\u00e9 au milieu du texte.<\/p>\t\t\t\t\t\t<\/div>\n\t\t\t\t<\/div>\n\t\t\t\t\t<\/div>\n\t\t<\/div>\n\t\t\t\t\t\t\t<\/div>\n\t\t<\/section>\n\t\t\t\t<section class=\"elementor-section elementor-top-section elementor-element elementor-element-13b0554 elementor-section-boxed elementor-section-height-default elementor-section-height-default\" data-id=\"13b0554\" data-element_type=\"section\">\n\t\t\t\t\t\t<div class=\"elementor-container elementor-column-gap-extended\">\n\t\t\t\t\t<div class=\"elementor-column elementor-col-100 elementor-top-column elementor-element elementor-element-edb710a\" data-id=\"edb710a\" data-element_type=\"column\">\n\t\t\t<div class=\"elementor-widget-wrap elementor-element-populated\">\n\t\t\t\t\t\t\t\t<div class=\"elementor-element elementor-element-747884e elementor-widget elementor-widget-heading\" data-id=\"747884e\" data-element_type=\"widget\" data-widget_type=\"heading.default\">\n\t\t\t\t<div class=\"elementor-widget-container\">\n\t\t\t<h3 class=\"elementor-heading-title elementor-size-default\">Pourquoi l'utilisons-nous?<\/h3>\t\t<\/div>\n\t\t\t\t<\/div>\n\t\t\t\t<div class=\"elementor-element elementor-element-5050261 elementor-widget elementor-widget-text-editor\" data-id=\"5050261\" data-element_type=\"widget\" data-widget_type=\"text-editor.default\">\n\t\t\t\t<div class=\"elementor-widget-container\">\n\t\t\t\t\t\t\t<p>Contrairement \u00e0 la croyance populaire, le Lorem Ipsum n\u2019est pas simplement un texte al\u00e9atoire. Il a ses racines dans un morceau de litt\u00e9rature latine classique datant de 45 avant JC, soit plus de 2000 ans. Richard McClintock, professeur de latin au Hampden-Sydney College en Virginie, a recherch\u00e9 l&#8217;un des mots latins les plus obscurs.<\/p><p>Tous les g\u00e9n\u00e9rateurs Lorem Ipsum sur Internet ont tendance \u00e0 r\u00e9p\u00e9ter des morceaux pr\u00e9d\u00e9finis si n\u00e9cessaire, ce qui en fait le premier v\u00e9ritable g\u00e9n\u00e9rateur sur Internet. Il utilise un dictionnaire de plus de 200 mots latins, combin\u00e9 \u00e0 une poign\u00e9e de structures de phrases mod\u00e8les, pour g\u00e9n\u00e9rer du Lorem Ipsum qui semble raisonnable. Le Lorem Ipsum g\u00e9n\u00e9r\u00e9 est donc toujours exempt de r\u00e9p\u00e9titions, d&#8217;humour inject\u00e9, de mots non caract\u00e9ristiques, etc.<\/p><p>Lorem ipsum dolor sit amet, consectetur adipiscing elit, sed do eiusmod tempor incididunt ut labore et dolore magna aliqua. Ut enim ad minim veniam, quis nostrud exercitation ullamco laboris nisi ut aliquip ex ea commodo consequat.<br \/>Duis aute irure dolor in reprehenderit in voluptate velit esse cillum dolore eu fugiat nulla pariatur. Excepteur sint occaecat cupidatat non proident, sunt in culpa qui officia deserunt mollit anim id est laborum.<br \/>Personne ne rejette, n\u2019aime ou n\u2019\u00e9vite le plaisir lui-m\u00eame, parce que c\u2019est du plaisir, mais parce que ceux qui ne savent pas comment rechercher rationnellement le plaisir subissent des cons\u00e9quences extr\u00eamement douloureuses.<\/p>\t\t\t\t\t\t<\/div>\n\t\t\t\t<\/div>\n\t\t\t\t\t<\/div>\n\t\t<\/div>\n\t\t\t\t\t\t\t<\/div>\n\t\t<\/section>\n\t\t\t\t\t\t\t<\/div>\n\t\t","protected":false},"excerpt":{"rendered":"<p>Nos Conditions G\u00e9n\u00e9rales C&#8217;est un fait \u00e9tabli depuis longtemps qu&#8217;un lecteur sera distrait par le contenu lisible d&#8217;une page lorsqu&#8217;il examinera sa mise en page. L\u2019int\u00e9r\u00eat d\u2019utiliser le Lorem Ipsum est qu\u2019il a une distribution de lettres plus ou moins normale, par opposition \u00e0 l\u2019utilisation de \u00ab\u00a0Contenu ici, contenu ici\u00a0\u00bb, ce qui donne l\u2019impression qu\u2019il<\/p>\n<div class=\"klb-readmore button\"><a class=\"btn link\" href=\"https:\/\/devwaymaroc.com\/?page_id=3558\">Read More <i class=\"klbth-icon-right-arrow\"><\/i><\/a><\/div>\n","protected":false},"author":1,"featured_media":0,"parent":0,"menu_order":0,"comment_status":"closed","ping_status":"closed","template":"","meta":{"footnotes":""},"jetpack_sharing_enabled":true,"_links":{"self":[{"href":"https:\/\/devwaymaroc.com\/index.php?rest_route=\/wp\/v2\/pages\/3558"}],"collection":[{"href":"https:\/\/devwaymaroc.com\/index.php?rest_route=\/wp\/v2\/pages"}],"about":[{"href":"https:\/\/devwaymaroc.com\/index.php?rest_route=\/wp\/v2\/types\/page"}],"author":[{"embeddable":true,"href":"https:\/\/devwaymaroc.com\/index.php?rest_route=\/wp\/v2\/users\/1"}],"replies":[{"embeddable":true,"href":"https:\/\/devwaymaroc.com\/index.php?rest_route=%2Fwp%2Fv2%2Fcomments&post=3558"}],"version-history":[{"count":3,"href":"https:\/\/devwaymaroc.com\/index.php?rest_route=\/wp\/v2\/pages\/3558\/revisions"}],"predecessor-version":[{"id":4855,"href":"https:\/\/devwaymaroc.com\/index.php?rest_route=\/wp\/v2\/pages\/3558\/revisions\/4855"}],"wp:attachment":[{"href":"https:\/\/devwaymaroc.com\/index.php?rest_route=%2Fwp%2Fv2%2Fmedia&parent=3558"}],"curies":[{"name":"wp","href":"https:\/\/api.w.org\/{rel}","templated":true}]}}